{"id":543,"date":"2025-06-05T18:57:27","date_gmt":"2025-06-05T16:57:27","guid":{"rendered":"http:\/\/anemone-reinhardt.fr\/index.php\/home\/"},"modified":"2025-09-28T21:47:01","modified_gmt":"2025-09-28T19:47:01","slug":"accueil","status":"publish","type":"page","link":"https:\/\/anemone-reinhardt.fr\/en\/","title":{"rendered":"Accueil"},"content":{"rendered":"<div data-elementor-type=\"wp-page\" data-elementor-id=\"543\" class=\"elementor elementor-543\">\n\t\t\t\t<div class=\"elementor-element elementor-element-48acc69 e-flex e-con-boxed e-con e-parent\" data-id=\"48acc69\" data-element_type=\"container\" data-e-type=\"container\" data-settings=\"{&quot;background_background&quot;:&quot;classic&quot;}\">\n\t\t\t\t\t<div class=\"e-con-inner\">\n\t\t<div class=\"elementor-element elementor-element-9e6711a e-con-full e-grid e-con e-child\" data-id=\"9e6711a\" data-element_type=\"container\" data-e-type=\"container\">\n\t\t<div class=\"elementor-element elementor-element-7c42858 e-con-full e-flex e-con e-child\" data-id=\"7c42858\" data-element_type=\"container\" data-e-type=\"container\">\n\t\t\t\t<div class=\"elementor-element elementor-element-950d35f elementor-widget elementor-widget-image\" data-id=\"950d35f\" data-element_type=\"widget\" data-e-type=\"widget\" data-widget_type=\"image.default\">\n\t\t\t\t<div class=\"elementor-widget-container\">\n\t\t\t\t\t\t\t\t\t\t\t\t\t\t\t<img decoding=\"async\" src=\"https:\/\/anemone-reinhardt.fr\/wp-content\/uploads\/elementor\/thumbs\/Untitled3_20250811220056-scaled-ra46k6xi6duzokvf16x5khoqzaikj0db6fm0iwra1s.png\" title=\"Untitled3_20250811220056\" alt=\"Untitled3_20250811220056\" loading=\"lazy\" \/>\t\t\t\t\t\t\t\t\t\t\t\t\t\t\t<\/div>\n\t\t\t\t<\/div>\n\t\t\t\t<\/div>\n\t\t\t\t<\/div>\n\t\t\t\t\t<\/div>\n\t\t\t\t<\/div>\n\t\t<div class=\"elementor-element elementor-element-4b9f4c9 e-flex e-con-boxed e-con e-parent\" data-id=\"4b9f4c9\" data-element_type=\"container\" data-e-type=\"container\" data-settings=\"{&quot;background_background&quot;:&quot;classic&quot;}\">\n\t\t\t\t\t<div class=\"e-con-inner\">\n\t\t<div class=\"elementor-element elementor-element-4c9b46f e-con-full e-flex e-con e-child\" data-id=\"4c9b46f\" data-element_type=\"container\" data-e-type=\"container\">\n\t\t<div class=\"elementor-element elementor-element-10c2c24 e-con-full e-flex e-con e-child\" data-id=\"10c2c24\" data-element_type=\"container\" data-e-type=\"container\">\n\t\t\t\t<div class=\"elementor-element elementor-element-5416d81 elementor-widget elementor-widget-heading\" data-id=\"5416d81\" data-element_type=\"widget\" data-e-type=\"widget\" data-widget_type=\"heading.default\">\n\t\t\t\t<div class=\"elementor-widget-container\">\n\t\t\t\t\t<h1 class=\"elementor-heading-title elementor-size-default\">An\u00e9mone Reinhardt<\/h1>\t\t\t\t<\/div>\n\t\t\t\t<\/div>\n\t\t\t\t<div class=\"elementor-element elementor-element-50f3b5c elementor-widget elementor-widget-heading\" data-id=\"50f3b5c\" data-element_type=\"widget\" data-e-type=\"widget\" data-widget_type=\"heading.default\">\n\t\t\t\t<div class=\"elementor-widget-container\">\n\t\t\t\t\t<h2 class=\"elementor-heading-title elementor-size-default\">Peindre, ressentir, partager<\/h2>\t\t\t\t<\/div>\n\t\t\t\t<\/div>\n\t\t\t\t<div class=\"elementor-element elementor-element-a9c4d1d elementor-widget elementor-widget-text-editor\" data-id=\"a9c4d1d\" data-element_type=\"widget\" data-e-type=\"widget\" data-widget_type=\"text-editor.default\">\n\t\t\t\t<div class=\"elementor-widget-container\">\n\t\t\t\t\t\t\t\t\t<p>Bienvenue dans mon univers artistique, inspir\u00e9 par la beaut\u00e9 de la nature : fleurs, paysages, v\u00e9g\u00e9tation et tout ce qui respire la vie. Chaque toile est pour moi une exploration sensible, un dialogue entre la couleur, la lumi\u00e8re et les \u00e9motions.<br data-start=\"519\" data-end=\"522\" \/>Ouverte \u00e0 tous types de projets, je travaille avec enthousiasme sur commande ou en collaboration, toujours \u00e0 la recherche de nouvelles fa\u00e7ons de donner vie \u00e0 l\u2019inspiration.<\/p>\t\t\t\t\t\t\t\t<\/div>\n\t\t\t\t<\/div>\n\t\t\t\t<\/div>\n\t\t\t\t<\/div>\n\t\t\t\t\t<\/div>\n\t\t\t\t<\/div>\n\t\t<div class=\"elementor-element elementor-element-0544a1b e-flex e-con-boxed e-con e-parent\" data-id=\"0544a1b\" data-element_type=\"container\" data-e-type=\"container\">\n\t\t\t\t\t<div class=\"e-con-inner\">\n\t\t\t\t<div class=\"elementor-element elementor-element-d885e21 elementor-widget elementor-widget-image\" data-id=\"d885e21\" data-element_type=\"widget\" data-e-type=\"widget\" data-widget_type=\"image.default\">\n\t\t\t\t<div class=\"elementor-widget-container\">\n\t\t\t\t\t\t\t\t\t\t\t\t\t\t\t\t<a href=\"https:\/\/anemone-reinhardt.fr\/wp-content\/uploads\/2025\/07\/IMG_20190510_181515-scaled.jpg\" data-elementor-open-lightbox=\"yes\" data-elementor-lightbox-title=\"An\u00e9mone Reinhardt, Chalutier, 90x70 cm.\" data-e-action-hash=\"#elementor-action%3Aaction%3Dlightbox%26settings%3DeyJpZCI6MTQ4NSwidXJsIjoiaHR0cHM6XC9cL2FuZW1vbmUtcmVpbmhhcmR0LmZyXC93cC1jb250ZW50XC91cGxvYWRzXC8yMDI1XC8wN1wvSU1HXzIwMTkwNTEwXzE4MTUxNS1zY2FsZWQuanBnIn0%3D\">\n\t\t\t\t\t\t\t<img fetchpriority=\"high\" decoding=\"async\" width=\"768\" height=\"576\" src=\"https:\/\/anemone-reinhardt.fr\/wp-content\/uploads\/2025\/07\/IMG_20190510_181515-768x576.jpg\" class=\"attachment-medium_large size-medium_large wp-image-1485\" alt=\"\" srcset=\"https:\/\/anemone-reinhardt.fr\/wp-content\/uploads\/2025\/07\/IMG_20190510_181515-768x576.jpg 768w, https:\/\/anemone-reinhardt.fr\/wp-content\/uploads\/2025\/07\/IMG_20190510_181515-300x225.jpg 300w, https:\/\/anemone-reinhardt.fr\/wp-content\/uploads\/2025\/07\/IMG_20190510_181515-1024x768.jpg 1024w, https:\/\/anemone-reinhardt.fr\/wp-content\/uploads\/2025\/07\/IMG_20190510_181515-1536x1152.jpg 1536w, https:\/\/anemone-reinhardt.fr\/wp-content\/uploads\/2025\/07\/IMG_20190510_181515-2048x1536.jpg 2048w\" sizes=\"(max-width: 768px) 100vw, 768px\" \/>\t\t\t\t\t\t\t\t<\/a>\n\t\t\t\t\t\t\t\t\t\t\t\t\t\t\t<\/div>\n\t\t\t\t<\/div>\n\t\t<div class=\"elementor-element elementor-element-ef3a276 e-con-full e-flex e-con e-child\" data-id=\"ef3a276\" data-element_type=\"container\" data-e-type=\"container\">\n\t\t\t\t<div class=\"elementor-element elementor-element-4f96e00 elementor-align-center elementor-tablet-align-left elementor-widget__width-initial e-transform elementor-mobile-align-center elementor-widget elementor-widget-button\" data-id=\"4f96e00\" data-element_type=\"widget\" data-e-type=\"widget\" data-settings=\"{&quot;_transform_scale_effect_hover&quot;:{&quot;unit&quot;:&quot;px&quot;,&quot;size&quot;:1.3,&quot;sizes&quot;:[]},&quot;_transform_scale_effect_hover_tablet&quot;:{&quot;unit&quot;:&quot;px&quot;,&quot;size&quot;:&quot;&quot;,&quot;sizes&quot;:[]},&quot;_transform_scale_effect_hover_mobile&quot;:{&quot;unit&quot;:&quot;px&quot;,&quot;size&quot;:&quot;&quot;,&quot;sizes&quot;:[]}}\" data-widget_type=\"button.default\">\n\t\t\t\t<div class=\"elementor-widget-container\">\n\t\t\t\t\t\t\t\t\t<div class=\"elementor-button-wrapper\">\n\t\t\t\t\t<a class=\"elementor-button elementor-button-link elementor-size-sm elementor-animation-grow\" href=\"https:\/\/anemone-reinhardt.fr\/en\/portfolio\/\">\n\t\t\t\t\t\t<span class=\"elementor-button-content-wrapper\">\n\t\t\t\t\t\t\t\t\t<span class=\"elementor-button-text\">D\u00e9couvrir mon Portfolio !<\/span>\n\t\t\t\t\t<\/span>\n\t\t\t\t\t<\/a>\n\t\t\t\t<\/div>\n\t\t\t\t\t\t\t\t<\/div>\n\t\t\t\t<\/div>\n\t\t\t\t<\/div>\n\t\t\t\t\t<\/div>\n\t\t\t\t<\/div>\n\t\t<div class=\"elementor-element elementor-element-5504242 e-flex e-con-boxed e-con e-parent\" data-id=\"5504242\" data-element_type=\"container\" data-e-type=\"container\">\n\t\t\t\t\t<div class=\"e-con-inner\">\n\t\t\t\t<div class=\"elementor-element elementor-element-297cd9b elementor-widget elementor-widget-heading\" data-id=\"297cd9b\" data-element_type=\"widget\" data-e-type=\"widget\" data-widget_type=\"heading.default\">\n\t\t\t\t<div class=\"elementor-widget-container\">\n\t\t\t\t\t<h2 class=\"elementor-heading-title elementor-size-default\">Mes derni\u00e8res cr\u00e9ations<\/h2>\t\t\t\t<\/div>\n\t\t\t\t<\/div>\n\t\t<div class=\"elementor-element elementor-element-8a0bec8 e-grid e-con-full e-con e-child\" data-id=\"8a0bec8\" data-element_type=\"container\" data-e-type=\"container\">\n\t\t\t\t<div class=\"elementor-element elementor-element-dd2014b elementor-widget elementor-widget-image\" data-id=\"dd2014b\" data-element_type=\"widget\" data-e-type=\"widget\" data-widget_type=\"image.default\">\n\t\t\t\t<div class=\"elementor-widget-container\">\n\t\t\t\t\t\t\t\t\t\t\t\t\t\t\t\t<a href=\"https:\/\/anemone-reinhardt.fr\/wp-content\/uploads\/2025\/09\/IMG-20250831-WA0001.jpg\" data-elementor-open-lightbox=\"yes\" data-elementor-lightbox-title=\"An\u00e9mone Reinhardt, Mer, Huile sur toile.\" data-e-action-hash=\"#elementor-action%3Aaction%3Dlightbox%26settings%3DeyJpZCI6MjA1MywidXJsIjoiaHR0cHM6XC9cL2FuZW1vbmUtcmVpbmhhcmR0LmZyXC93cC1jb250ZW50XC91cGxvYWRzXC8yMDI1XC8wOVwvSU1HLTIwMjUwODMxLVdBMDAwMS5qcGcifQ%3D%3D\">\n\t\t\t\t\t\t\t<img decoding=\"async\" width=\"1024\" height=\"1024\" src=\"https:\/\/anemone-reinhardt.fr\/wp-content\/uploads\/2025\/09\/IMG-20250831-WA0001-1024x1024.jpg\" class=\"attachment-large size-large wp-image-2053\" alt=\"\" srcset=\"https:\/\/anemone-reinhardt.fr\/wp-content\/uploads\/2025\/09\/IMG-20250831-WA0001-1024x1024.jpg 1024w, https:\/\/anemone-reinhardt.fr\/wp-content\/uploads\/2025\/09\/IMG-20250831-WA0001-300x300.jpg 300w, https:\/\/anemone-reinhardt.fr\/wp-content\/uploads\/2025\/09\/IMG-20250831-WA0001-150x150.jpg 150w, https:\/\/anemone-reinhardt.fr\/wp-content\/uploads\/2025\/09\/IMG-20250831-WA0001-768x768.jpg 768w, https:\/\/anemone-reinhardt.fr\/wp-content\/uploads\/2025\/09\/IMG-20250831-WA0001-12x12.jpg 12w, https:\/\/anemone-reinhardt.fr\/wp-content\/uploads\/2025\/09\/IMG-20250831-WA0001.jpg 1500w\" sizes=\"(max-width: 1024px) 100vw, 1024px\" \/>\t\t\t\t\t\t\t\t<\/a>\n\t\t\t\t\t\t\t\t\t\t\t\t\t\t\t<\/div>\n\t\t\t\t<\/div>\n\t\t\t\t<div class=\"elementor-element elementor-element-5c30600 elementor-widget elementor-widget-image\" data-id=\"5c30600\" data-element_type=\"widget\" data-e-type=\"widget\" data-widget_type=\"image.default\">\n\t\t\t\t<div class=\"elementor-widget-container\">\n\t\t\t\t\t\t\t\t\t\t\t\t\t\t\t\t<a href=\"https:\/\/anemone-reinhardt.fr\/wp-content\/uploads\/2025\/09\/1759088031233-scaled.jpg\" data-elementor-open-lightbox=\"yes\" data-elementor-lightbox-title=\"An\u00e9mone Reinhardt, Glycines, Huile sur toile.\" data-e-action-hash=\"#elementor-action%3Aaction%3Dlightbox%26settings%3DeyJpZCI6MjA2MywidXJsIjoiaHR0cHM6XC9cL2FuZW1vbmUtcmVpbmhhcmR0LmZyXC93cC1jb250ZW50XC91cGxvYWRzXC8yMDI1XC8wOVwvMTc1OTA4ODAzMTIzMy1zY2FsZWQuanBnIn0%3D\">\n\t\t\t\t\t\t\t<img decoding=\"async\" width=\"816\" height=\"1024\" src=\"https:\/\/anemone-reinhardt.fr\/wp-content\/uploads\/2025\/09\/1759088031233-816x1024.jpg\" class=\"attachment-large size-large wp-image-2063\" alt=\"\" srcset=\"https:\/\/anemone-reinhardt.fr\/wp-content\/uploads\/2025\/09\/1759088031233-816x1024.jpg 816w, https:\/\/anemone-reinhardt.fr\/wp-content\/uploads\/2025\/09\/1759088031233-239x300.jpg 239w, https:\/\/anemone-reinhardt.fr\/wp-content\/uploads\/2025\/09\/1759088031233-768x964.jpg 768w, https:\/\/anemone-reinhardt.fr\/wp-content\/uploads\/2025\/09\/1759088031233-1224x1536.jpg 1224w, https:\/\/anemone-reinhardt.fr\/wp-content\/uploads\/2025\/09\/1759088031233-1632x2048.jpg 1632w, https:\/\/anemone-reinhardt.fr\/wp-content\/uploads\/2025\/09\/1759088031233-10x12.jpg 10w, https:\/\/anemone-reinhardt.fr\/wp-content\/uploads\/2025\/09\/1759088031233-scaled.jpg 2040w\" sizes=\"(max-width: 816px) 100vw, 816px\" \/>\t\t\t\t\t\t\t\t<\/a>\n\t\t\t\t\t\t\t\t\t\t\t\t\t\t\t<\/div>\n\t\t\t\t<\/div>\n\t\t\t\t<div class=\"elementor-element elementor-element-7bb7f1c elementor-align-center elementor-widget elementor-widget-button\" data-id=\"7bb7f1c\" data-element_type=\"widget\" data-e-type=\"widget\" data-widget_type=\"button.default\">\n\t\t\t\t<div class=\"elementor-widget-container\">\n\t\t\t\t\t\t\t\t\t<div class=\"elementor-button-wrapper\">\n\t\t\t\t\t<a class=\"elementor-button elementor-button-link elementor-size-sm elementor-animation-grow\" href=\"https:\/\/anemone-reinhardt.fr\/en\/portfolio\/\">\n\t\t\t\t\t\t<span class=\"elementor-button-content-wrapper\">\n\t\t\t\t\t\t\t\t\t<span class=\"elementor-button-text\">\u279e Voir plus<\/span>\n\t\t\t\t\t<\/span>\n\t\t\t\t\t<\/a>\n\t\t\t\t<\/div>\n\t\t\t\t\t\t\t\t<\/div>\n\t\t\t\t<\/div>\n\t\t\t\t<\/div>\n\t\t\t\t\t<\/div>\n\t\t\t\t<\/div>\n\t\t<div class=\"elementor-element elementor-element-07dcd06 e-flex e-con-boxed e-con e-parent\" data-id=\"07dcd06\" data-element_type=\"container\" data-e-type=\"container\">\n\t\t\t\t\t<div class=\"e-con-inner\">\n\t\t<div class=\"elementor-element elementor-element-e0c63b6 e-con-full e-flex e-con e-child\" data-id=\"e0c63b6\" data-element_type=\"container\" data-e-type=\"container\">\n\t\t\t\t<div class=\"elementor-element elementor-element-588dbc3 elementor-widget elementor-widget-heading\" data-id=\"588dbc3\" data-element_type=\"widget\" data-e-type=\"widget\" data-widget_type=\"heading.default\">\n\t\t\t\t<div class=\"elementor-widget-container\">\n\t\t\t\t\t<h2 class=\"elementor-heading-title elementor-size-default\">Un projet ? Contactez-moi !<\/h2>\t\t\t\t<\/div>\n\t\t\t\t<\/div>\n\t\t\t\t<div class=\"elementor-element elementor-element-61394c8 elementor-widget elementor-widget-text-editor\" data-id=\"61394c8\" data-element_type=\"widget\" data-e-type=\"widget\" data-widget_type=\"text-editor.default\">\n\t\t\t\t<div class=\"elementor-widget-container\">\n\t\t\t\t\t\t\t\t\t<p data-start=\"191\" data-end=\"224\">Vous avez un projet artistique, une envie de collaboration ou souhaitez acqu\u00e9rir une \u0153uvre originale ?<br data-start=\"328\" data-end=\"331\" \/>N\u2019h\u00e9sitez pas \u00e0 me contacter pour en discuter. Je suis \u00e0 l\u2019\u00e9coute de vos id\u00e9es, que ce soit pour une exposition, une commande personnalis\u00e9e ou une r\u00e9sidence artistique.<\/p>\t\t\t\t\t\t\t\t<\/div>\n\t\t\t\t<\/div>\n\t\t\t\t<div class=\"elementor-element elementor-element-17602b7 elementor-align-center e-transform elementor-widget elementor-widget-button\" data-id=\"17602b7\" data-element_type=\"widget\" data-e-type=\"widget\" data-settings=\"{&quot;_transform_scale_effect_hover&quot;:{&quot;unit&quot;:&quot;px&quot;,&quot;size&quot;:1.3,&quot;sizes&quot;:[]},&quot;_transform_scale_effect_hover_tablet&quot;:{&quot;unit&quot;:&quot;px&quot;,&quot;size&quot;:&quot;&quot;,&quot;sizes&quot;:[]},&quot;_transform_scale_effect_hover_mobile&quot;:{&quot;unit&quot;:&quot;px&quot;,&quot;size&quot;:&quot;&quot;,&quot;sizes&quot;:[]}}\" data-widget_type=\"button.default\">\n\t\t\t\t<div class=\"elementor-widget-container\">\n\t\t\t\t\t\t\t\t\t<div class=\"elementor-button-wrapper\">\n\t\t\t\t\t<a class=\"elementor-button elementor-button-link elementor-size-sm elementor-animation-grow\" href=\"https:\/\/anemone-reinhardt.fr\/en\/contact\/\">\n\t\t\t\t\t\t<span class=\"elementor-button-content-wrapper\">\n\t\t\t\t\t\t\t\t\t<span class=\"elementor-button-text\">Contactez-moi !<\/span>\n\t\t\t\t\t<\/span>\n\t\t\t\t\t<\/a>\n\t\t\t\t<\/div>\n\t\t\t\t\t\t\t\t<\/div>\n\t\t\t\t<\/div>\n\t\t\t\t<\/div>\n\t\t\t\t\t<\/div>\n\t\t\t\t<\/div>\n\t\t\t\t<\/div>","protected":false},"excerpt":{"rendered":"<p>An\u00e9mone Reinhardt Peindre, ressentir, partager Bienvenue dans mon univers artistique, inspir\u00e9 par la beaut\u00e9 de la nature : fleurs, paysages, v\u00e9g\u00e9tation et tout ce qui respire la vie. Chaque toile est pour moi une exploration sensible, un dialogue entre la couleur, la lumi\u00e8re et les \u00e9motions.Ouverte \u00e0 tous types de projets, je travaille avec enthousiasme [&hellip;]<\/p>\n","protected":false},"author":1,"featured_media":0,"parent":0,"menu_order":0,"comment_status":"closed","ping_status":"closed","template":"","meta":{"site-sidebar-layout":"no-sidebar","site-content-layout":"page-builder","ast-site-content-layout":"full-width-container","site-content-style":"unboxed","site-sidebar-style":"unboxed","ast-global-header-display":"","ast-banner-title-visibility":"","ast-main-header-display":"","ast-hfb-above-header-display":"","ast-hfb-below-header-display":"","ast-hfb-mobile-header-display":"","site-post-title":"disabled","ast-breadcrumbs-content":"","ast-featured-img":"disabled","footer-sml-layout":"","theme-transparent-header-meta":"disabled","adv-header-id-meta":"","stick-header-meta":"","header-above-stick-meta":"","header-main-stick-meta":"","header-below-stick-meta":"","astra-migrate-meta-layouts":"set","ast-page-background-enabled":"default","ast-page-background-meta":{"desktop":{"background-color":"","background-image":"","background-repeat":"repeat","background-position":"center center","background-size":"auto","background-attachment":"scroll","background-type":"","background-media":"","overlay-type":"","overlay-color":"","overlay-opacity":"","overlay-gradient":""},"tablet":{"background-color":"","background-image":"","background-repeat":"repeat","background-position":"center center","background-size":"auto","background-attachment":"scroll","background-type":"","background-media":"","overlay-type":"","overlay-color":"","overlay-opacity":"","overlay-gradient":""},"mobile":{"background-color":"","background-image":"","background-repeat":"repeat","background-position":"center center","background-size":"auto","background-attachment":"scroll","background-type":"","background-media":"","overlay-type":"","overlay-color":"","overlay-opacity":"","overlay-gradient":""}},"ast-content-background-meta":{"desktop":{"background-color":"var(--ast-global-color-5)","background-image":"","background-repeat":"repeat","background-position":"center center","background-size":"auto","background-attachment":"scroll","background-type":"","background-media":"","overlay-type":"","overlay-color":"","overlay-opacity":"","overlay-gradient":""},"tablet":{"background-color":"var(--ast-global-color-5)","background-image":"","background-repeat":"repeat","background-position":"center center","background-size":"auto","background-attachment":"scroll","background-type":"","background-media":"","overlay-type":"","overlay-color":"","overlay-opacity":"","overlay-gradient":""},"mobile":{"background-color":"var(--ast-global-color-5)","background-image":"","background-repeat":"repeat","background-position":"center center","background-size":"auto","background-attachment":"scroll","background-type":"","background-media":"","overlay-type":"","overlay-color":"","overlay-opacity":"","overlay-gradient":""}},"footnotes":""},"class_list":["post-543","page","type-page","status-publish","hentry"],"yoast_head":"<!-- This site is optimized with the Yoast SEO plugin v27.3 - https:\/\/yoast.com\/product\/yoast-seo-wordpress\/ -->\n<title>Accueil - An\u00e9mone Reinhardt<\/title>\n<meta name=\"description\" content=\"D\u00e9couvrez l\u2019univers d&#039;An\u00e9mone Reinhardt, artiste peintre. Un portfolio original o\u00f9 s\u2019expriment couleurs, \u00e9motions et libert\u00e9 cr\u00e9ative.\" \/>\n<meta name=\"robots\" content=\"index, follow, max-snippet:-1, max-image-preview:large, max-video-preview:-1\" \/>\n<link rel=\"canonical\" href=\"https:\/\/anemone-reinhardt.fr\/en\/\" \/>\n<meta property=\"og:locale\" content=\"en_GB\" \/>\n<meta property=\"og:type\" content=\"article\" \/>\n<meta property=\"og:title\" content=\"Accueil - An\u00e9mone Reinhardt\" \/>\n<meta property=\"og:description\" content=\"D\u00e9couvrez l\u2019univers d&#039;An\u00e9mone Reinhardt, artiste peintre. Un portfolio original o\u00f9 s\u2019expriment couleurs, \u00e9motions et libert\u00e9 cr\u00e9ative.\" \/>\n<meta property=\"og:url\" content=\"https:\/\/anemone-reinhardt.fr\/en\/\" \/>\n<meta property=\"og:site_name\" content=\"An\u00e9mone Reinhardt\" \/>\n<meta property=\"article:modified_time\" content=\"2025-09-28T19:47:01+00:00\" \/>\n<meta property=\"og:image\" content=\"https:\/\/anemone-reinhardt.fr\/wp-content\/uploads\/elementor\/thumbs\/Untitled3_20250811220056-scaled-ra46k6xi6duzokvf16x5khoqzaikj0db6fm0iwra1s.png\" \/>\n<meta name=\"twitter:card\" content=\"summary_large_image\" \/>\n<meta name=\"twitter:label1\" content=\"Estimated reading time\" \/>\n\t<meta name=\"twitter:data1\" content=\"2 minutes\" \/>\n<script type=\"application\/ld+json\" class=\"yoast-schema-graph\">{\"@context\":\"https:\\\/\\\/schema.org\",\"@graph\":[{\"@type\":\"WebPage\",\"@id\":\"https:\\\/\\\/anemone-reinhardt.fr\\\/\",\"url\":\"https:\\\/\\\/anemone-reinhardt.fr\\\/\",\"name\":\"Accueil - An\u00e9mone Reinhardt\",\"isPartOf\":{\"@id\":\"https:\\\/\\\/anemone-reinhardt.fr\\\/#website\"},\"primaryImageOfPage\":{\"@id\":\"https:\\\/\\\/anemone-reinhardt.fr\\\/#primaryimage\"},\"image\":{\"@id\":\"https:\\\/\\\/anemone-reinhardt.fr\\\/#primaryimage\"},\"thumbnailUrl\":\"https:\\\/\\\/anemone-reinhardt.fr\\\/wp-content\\\/uploads\\\/elementor\\\/thumbs\\\/Untitled3_20250811220056-scaled-ra46k6xi6duzokvf16x5khoqzaikj0db6fm0iwra1s.png\",\"datePublished\":\"2025-06-05T16:57:27+00:00\",\"dateModified\":\"2025-09-28T19:47:01+00:00\",\"description\":\"D\u00e9couvrez l\u2019univers d'An\u00e9mone Reinhardt, artiste peintre. Un portfolio original o\u00f9 s\u2019expriment couleurs, \u00e9motions et libert\u00e9 cr\u00e9ative.\",\"breadcrumb\":{\"@id\":\"https:\\\/\\\/anemone-reinhardt.fr\\\/#breadcrumb\"},\"inLanguage\":\"en-GB\",\"potentialAction\":[{\"@type\":\"ReadAction\",\"target\":[\"https:\\\/\\\/anemone-reinhardt.fr\\\/\"]}]},{\"@type\":\"ImageObject\",\"inLanguage\":\"en-GB\",\"@id\":\"https:\\\/\\\/anemone-reinhardt.fr\\\/#primaryimage\",\"url\":\"https:\\\/\\\/anemone-reinhardt.fr\\\/wp-content\\\/uploads\\\/elementor\\\/thumbs\\\/Untitled3_20250811220056-scaled-ra46k6xi6duzokvf16x5khoqzaikj0db6fm0iwra1s.png\",\"contentUrl\":\"https:\\\/\\\/anemone-reinhardt.fr\\\/wp-content\\\/uploads\\\/elementor\\\/thumbs\\\/Untitled3_20250811220056-scaled-ra46k6xi6duzokvf16x5khoqzaikj0db6fm0iwra1s.png\"},{\"@type\":\"BreadcrumbList\",\"@id\":\"https:\\\/\\\/anemone-reinhardt.fr\\\/#breadcrumb\",\"itemListElement\":[{\"@type\":\"ListItem\",\"position\":1,\"name\":\"Accueil\",\"item\":\"https:\\\/\\\/anemone-reinhardt.fr\\\/\"},{\"@type\":\"ListItem\",\"position\":2,\"name\":\"Accueil\"}]},{\"@type\":\"WebSite\",\"@id\":\"https:\\\/\\\/anemone-reinhardt.fr\\\/#website\",\"url\":\"https:\\\/\\\/anemone-reinhardt.fr\\\/\",\"name\":\"An\u00e9mone Reinhardt\",\"description\":\"\",\"potentialAction\":[{\"@type\":\"SearchAction\",\"target\":{\"@type\":\"EntryPoint\",\"urlTemplate\":\"https:\\\/\\\/anemone-reinhardt.fr\\\/?s={search_term_string}\"},\"query-input\":{\"@type\":\"PropertyValueSpecification\",\"valueRequired\":true,\"valueName\":\"search_term_string\"}}],\"inLanguage\":\"en-GB\"}]}<\/script>\n<!-- \/ Yoast SEO plugin. -->","yoast_head_json":{"title":"Accueil - An\u00e9mone Reinhardt","description":"D\u00e9couvrez l\u2019univers d'An\u00e9mone Reinhardt, artiste peintre. Un portfolio original o\u00f9 s\u2019expriment couleurs, \u00e9motions et libert\u00e9 cr\u00e9ative.","robots":{"index":"index","follow":"follow","max-snippet":"max-snippet:-1","max-image-preview":"max-image-preview:large","max-video-preview":"max-video-preview:-1"},"canonical":"https:\/\/anemone-reinhardt.fr\/en\/","og_locale":"en_GB","og_type":"article","og_title":"Accueil - An\u00e9mone Reinhardt","og_description":"D\u00e9couvrez l\u2019univers d'An\u00e9mone Reinhardt, artiste peintre. Un portfolio original o\u00f9 s\u2019expriment couleurs, \u00e9motions et libert\u00e9 cr\u00e9ative.","og_url":"https:\/\/anemone-reinhardt.fr\/en\/","og_site_name":"An\u00e9mone Reinhardt","article_modified_time":"2025-09-28T19:47:01+00:00","og_image":[{"url":"https:\/\/anemone-reinhardt.fr\/wp-content\/uploads\/elementor\/thumbs\/Untitled3_20250811220056-scaled-ra46k6xi6duzokvf16x5khoqzaikj0db6fm0iwra1s.png","type":"","width":"","height":""}],"twitter_card":"summary_large_image","twitter_misc":{"Estimated reading time":"2 minutes"},"schema":{"@context":"https:\/\/schema.org","@graph":[{"@type":"WebPage","@id":"https:\/\/anemone-reinhardt.fr\/","url":"https:\/\/anemone-reinhardt.fr\/","name":"Accueil - An\u00e9mone Reinhardt","isPartOf":{"@id":"https:\/\/anemone-reinhardt.fr\/#website"},"primaryImageOfPage":{"@id":"https:\/\/anemone-reinhardt.fr\/#primaryimage"},"image":{"@id":"https:\/\/anemone-reinhardt.fr\/#primaryimage"},"thumbnailUrl":"https:\/\/anemone-reinhardt.fr\/wp-content\/uploads\/elementor\/thumbs\/Untitled3_20250811220056-scaled-ra46k6xi6duzokvf16x5khoqzaikj0db6fm0iwra1s.png","datePublished":"2025-06-05T16:57:27+00:00","dateModified":"2025-09-28T19:47:01+00:00","description":"D\u00e9couvrez l\u2019univers d'An\u00e9mone Reinhardt, artiste peintre. Un portfolio original o\u00f9 s\u2019expriment couleurs, \u00e9motions et libert\u00e9 cr\u00e9ative.","breadcrumb":{"@id":"https:\/\/anemone-reinhardt.fr\/#breadcrumb"},"inLanguage":"en-GB","potentialAction":[{"@type":"ReadAction","target":["https:\/\/anemone-reinhardt.fr\/"]}]},{"@type":"ImageObject","inLanguage":"en-GB","@id":"https:\/\/anemone-reinhardt.fr\/#primaryimage","url":"https:\/\/anemone-reinhardt.fr\/wp-content\/uploads\/elementor\/thumbs\/Untitled3_20250811220056-scaled-ra46k6xi6duzokvf16x5khoqzaikj0db6fm0iwra1s.png","contentUrl":"https:\/\/anemone-reinhardt.fr\/wp-content\/uploads\/elementor\/thumbs\/Untitled3_20250811220056-scaled-ra46k6xi6duzokvf16x5khoqzaikj0db6fm0iwra1s.png"},{"@type":"BreadcrumbList","@id":"https:\/\/anemone-reinhardt.fr\/#breadcrumb","itemListElement":[{"@type":"ListItem","position":1,"name":"Accueil","item":"https:\/\/anemone-reinhardt.fr\/"},{"@type":"ListItem","position":2,"name":"Accueil"}]},{"@type":"WebSite","@id":"https:\/\/anemone-reinhardt.fr\/#website","url":"https:\/\/anemone-reinhardt.fr\/","name":"An\u00e9mone Reinhardt","description":"","potentialAction":[{"@type":"SearchAction","target":{"@type":"EntryPoint","urlTemplate":"https:\/\/anemone-reinhardt.fr\/?s={search_term_string}"},"query-input":{"@type":"PropertyValueSpecification","valueRequired":true,"valueName":"search_term_string"}}],"inLanguage":"en-GB"}]}},"_links":{"self":[{"href":"https:\/\/anemone-reinhardt.fr\/en\/wp-json\/wp\/v2\/pages\/543","targetHints":{"allow":["GET"]}}],"collection":[{"href":"https:\/\/anemone-reinhardt.fr\/en\/wp-json\/wp\/v2\/pages"}],"about":[{"href":"https:\/\/anemone-reinhardt.fr\/en\/wp-json\/wp\/v2\/types\/page"}],"author":[{"embeddable":true,"href":"https:\/\/anemone-reinhardt.fr\/en\/wp-json\/wp\/v2\/users\/1"}],"replies":[{"embeddable":true,"href":"https:\/\/anemone-reinhardt.fr\/en\/wp-json\/wp\/v2\/comments?post=543"}],"version-history":[{"count":283,"href":"https:\/\/anemone-reinhardt.fr\/en\/wp-json\/wp\/v2\/pages\/543\/revisions"}],"predecessor-version":[{"id":2077,"href":"https:\/\/anemone-reinhardt.fr\/en\/wp-json\/wp\/v2\/pages\/543\/revisions\/2077"}],"wp:attachment":[{"href":"https:\/\/anemone-reinhardt.fr\/en\/wp-json\/wp\/v2\/media?parent=543"}],"curies":[{"name":"wp","href":"https:\/\/api.w.org\/{rel}","templated":true}]}}