{"id":350,"date":"2025-06-05T18:57:28","date_gmt":"2025-06-05T16:57:28","guid":{"rendered":"http:\/\/anemone-reinhardt.fr\/index.php\/contact\/"},"modified":"2025-08-12T17:20:44","modified_gmt":"2025-08-12T15:20:44","slug":"contact","status":"publish","type":"page","link":"https:\/\/anemone-reinhardt.fr\/en\/contact\/","title":{"rendered":"Contact"},"content":{"rendered":"\t\t<div data-elementor-type=\"wp-page\" data-elementor-id=\"350\" class=\"elementor elementor-350\">\n\t\t\t\t<div class=\"elementor-element elementor-element-85416ff elementor-hidden-desktop elementor-hidden-tablet elementor-hidden-mobile e-flex e-con-boxed e-con e-parent\" data-id=\"85416ff\" data-element_type=\"container\" data-e-type=\"container\" data-settings=\"{&quot;background_background&quot;:&quot;classic&quot;}\">\n\t\t\t\t\t<div class=\"e-con-inner\">\n\t\t<div class=\"elementor-element elementor-element-1135c72 e-con-full e-flex e-con e-child\" data-id=\"1135c72\" data-element_type=\"container\" data-e-type=\"container\" data-settings=\"{&quot;background_background&quot;:&quot;classic&quot;}\">\n\t\t\t\t<div class=\"elementor-element elementor-element-3018814 elementor-widget elementor-widget-heading\" data-id=\"3018814\" data-element_type=\"widget\" data-e-type=\"widget\" data-widget_type=\"heading.default\">\n\t\t\t\t<div class=\"elementor-widget-container\">\n\t\t\t\t\t<h1 class=\"elementor-heading-title elementor-size-default\">Contactez-moi<\/h1>\t\t\t\t<\/div>\n\t\t\t\t<\/div>\n\t\t\t\t<\/div>\n\t\t\t\t\t<\/div>\n\t\t\t\t<\/div>\n\t\t<div class=\"elementor-element elementor-element-50890ca e-grid e-con-boxed e-con e-parent\" data-id=\"50890ca\" data-element_type=\"container\" data-e-type=\"container\" data-settings=\"{&quot;background_background&quot;:&quot;classic&quot;}\">\n\t\t\t\t\t<div class=\"e-con-inner\">\n\t\t<div class=\"elementor-element elementor-element-8b4ddd4 e-con-full e-flex e-con e-child\" data-id=\"8b4ddd4\" data-element_type=\"container\" data-e-type=\"container\">\n\t\t\t\t<div class=\"elementor-element elementor-element-62852da elementor-widget elementor-widget-heading\" data-id=\"62852da\" data-element_type=\"widget\" data-e-type=\"widget\" data-widget_type=\"heading.default\">\n\t\t\t\t<div class=\"elementor-widget-container\">\n\t\t\t\t\t<h1 class=\"elementor-heading-title elementor-size-default\">Contactez-moi<\/h1>\t\t\t\t<\/div>\n\t\t\t\t<\/div>\n\t\t\t\t<div class=\"elementor-element elementor-element-01bde02 elementor-widget elementor-widget-text-editor\" data-id=\"01bde02\" data-element_type=\"widget\" data-e-type=\"widget\" data-widget_type=\"text-editor.default\">\n\t\t\t\t<div class=\"elementor-widget-container\">\n\t\t\t\t\t\t\t\t\t<p>Vous souhaitez me joindre pour un projet artistique, une commande personnalis\u00e9e ou simplement \u00e9changer ? Je vous invite \u00e0 me contacter directement via ce formulaire. Je r\u00e9ponds personnellement \u00e0 toutes vos demandes avec plaisir et rapidit\u00e9.<\/p>\t\t\t\t\t\t\t\t<\/div>\n\t\t\t\t<\/div>\n\t\t\t\t<\/div>\n\t\t<div class=\"elementor-element elementor-element-860fcbf e-con-full e-flex e-con e-child\" data-id=\"860fcbf\" data-element_type=\"container\" data-e-type=\"container\">\n\t\t\t\t<div class=\"elementor-element elementor-element-493b336 elementor-widget elementor-widget-wpforms\" data-id=\"493b336\" data-element_type=\"widget\" data-e-type=\"widget\" data-widget_type=\"wpforms.default\">\n\t\t\t\t<div class=\"elementor-widget-container\">\n\t\t\t\t\t<div class=\"wpforms-container \" id=\"wpforms-11\"><form id=\"wpforms-form-11\" class=\"wpforms-validate wpforms-form\" data-formid=\"11\" method=\"post\" enctype=\"multipart\/form-data\" action=\"\/en\/wp-json\/wp\/v2\/pages\/350\" data-token=\"4604ef19119e9622d5c008bf0bf0723e\" data-token-time=\"1775584838\"><noscript class=\"wpforms-error-noscript\">Please enable JavaScript in your browser to complete this form.<\/noscript><div class=\"wpforms-field-container\"><div id=\"wpforms-11-field_0-container\" class=\"wpforms-field wpforms-field-name\" data-field-id=\"0\"><label class=\"wpforms-field-label\" for=\"wpforms-11-field_0\">Nom <span class=\"wpforms-required-label\">*<\/span><\/label><input type=\"text\" id=\"wpforms-11-field_0\" class=\"wpforms-field-large wpforms-field-required\" name=\"wpforms[fields][0]\" required><\/div><div id=\"wpforms-11-field_1-container\" class=\"wpforms-field wpforms-field-email\" data-field-id=\"1\"><label class=\"wpforms-field-label\" for=\"wpforms-11-field_1\">Email <span class=\"wpforms-required-label\">*<\/span><\/label><input type=\"email\" id=\"wpforms-11-field_1\" class=\"wpforms-field-large wpforms-field-required\" name=\"wpforms[fields][1]\" spellcheck=\"false\" required><\/div><div id=\"wpforms-11-field_3-container\" class=\"wpforms-field wpforms-field-text\" data-field-id=\"3\"><label class=\"wpforms-field-label\" for=\"wpforms-11-field_3\">Sujet <span class=\"wpforms-required-label\">*<\/span><\/label><input type=\"text\" id=\"wpforms-11-field_3\" class=\"wpforms-field-large wpforms-field-required\" name=\"wpforms[fields][3]\" required><\/div><div id=\"wpforms-11-field_2-container\" class=\"wpforms-field wpforms-field-textarea\" data-field-id=\"2\"><label class=\"wpforms-field-label\" for=\"wpforms-11-field_2\">Message <span class=\"wpforms-required-label\">*<\/span><\/label><textarea id=\"wpforms-11-field_2\" class=\"wpforms-field-medium wpforms-field-required\" name=\"wpforms[fields][2]\" required><\/textarea><\/div><\/div><!-- .wpforms-field-container --><div class=\"wpforms-submit-container\" ><input type=\"hidden\" name=\"wpforms[id]\" value=\"11\"><input type=\"hidden\" name=\"page_title\" value=\"\"><input type=\"hidden\" name=\"page_url\" value=\"https:\/\/anemone-reinhardt.fr\/en\/wp-json\/wp\/v2\/pages\/350\"><input type=\"hidden\" name=\"url_referer\" value=\"\"><button type=\"submit\" name=\"wpforms[submit]\" id=\"wpforms-submit-11\" class=\"wpforms-submit\" data-alt-text=\"Envoi en cours...\" data-submit-text=\"Envoyer votre message\" aria-live=\"assertive\" value=\"wpforms-submit\">Envoyer votre message<\/button><\/div><\/form><\/div>  <!-- .wpforms-container -->\t\t\t\t<\/div>\n\t\t\t\t<\/div>\n\t\t\t\t<\/div>\n\t\t\t\t\t<\/div>\n\t\t\t\t<\/div>\n\t\t<div class=\"elementor-element elementor-element-cad08a6 e-flex e-con-boxed e-con e-parent\" data-id=\"cad08a6\" data-element_type=\"container\" data-e-type=\"container\">\n\t\t\t\t\t<div class=\"e-con-inner\">\n\t\t<div class=\"elementor-element elementor-element-b8ea08c e-con-full e-flex e-con e-child\" data-id=\"b8ea08c\" data-element_type=\"container\" data-e-type=\"container\">\n\t\t\t\t<div class=\"elementor-element elementor-element-2582864 elementor-widget elementor-widget-text-editor\" data-id=\"2582864\" data-element_type=\"widget\" data-e-type=\"widget\" data-widget_type=\"text-editor.default\">\n\t\t\t\t<div class=\"elementor-widget-container\">\n\t\t\t\t\t\t\t\t\t<p>D\u00e9couvrez mon portfolio pour plonger dans l\u2019univers de mes cr\u00e9ations. Chaque \u0153uvre raconte une histoire unique, \u00e0 explorer sans mod\u00e9ration.<\/p>\t\t\t\t\t\t\t\t<\/div>\n\t\t\t\t<\/div>\n\t\t\t\t<div class=\"elementor-element elementor-element-32f59b8 elementor-align-center elementor-widget elementor-widget-button\" data-id=\"32f59b8\" data-element_type=\"widget\" data-e-type=\"widget\" data-widget_type=\"button.default\">\n\t\t\t\t<div class=\"elementor-widget-container\">\n\t\t\t\t\t\t\t\t\t<div class=\"elementor-button-wrapper\">\n\t\t\t\t\t<a class=\"elementor-button elementor-button-link elementor-size-sm\" href=\"https:\/\/anemone-reinhardt.fr\/portfolio\/\">\n\t\t\t\t\t\t<span class=\"elementor-button-content-wrapper\">\n\t\t\t\t\t\t\t\t\t<span class=\"elementor-button-text\">D\u00e9couvrir le portfolio<\/span>\n\t\t\t\t\t<\/span>\n\t\t\t\t\t<\/a>\n\t\t\t\t<\/div>\n\t\t\t\t\t\t\t\t<\/div>\n\t\t\t\t<\/div>\n\t\t\t\t<\/div>\n\t\t<div class=\"elementor-element elementor-element-102194e e-con-full e-flex e-con e-child\" data-id=\"102194e\" data-element_type=\"container\" data-e-type=\"container\">\n\t\t\t\t<div class=\"elementor-element elementor-element-7c98925 elementor-widget elementor-widget-image\" data-id=\"7c98925\" data-element_type=\"widget\" data-e-type=\"widget\" data-widget_type=\"image.default\">\n\t\t\t\t<div class=\"elementor-widget-container\">\n\t\t\t\t\t\t\t\t\t\t\t\t\t\t\t<img fetchpriority=\"high\" decoding=\"async\" width=\"1024\" height=\"768\" src=\"https:\/\/anemone-reinhardt.fr\/wp-content\/uploads\/2025\/07\/IMG_20190510_181515-1024x768.jpg\" class=\"attachment-large size-large wp-image-1485\" alt=\"\" srcset=\"https:\/\/anemone-reinhardt.fr\/wp-content\/uploads\/2025\/07\/IMG_20190510_181515-1024x768.jpg 1024w, https:\/\/anemone-reinhardt.fr\/wp-content\/uploads\/2025\/07\/IMG_20190510_181515-300x225.jpg 300w, https:\/\/anemone-reinhardt.fr\/wp-content\/uploads\/2025\/07\/IMG_20190510_181515-768x576.jpg 768w, https:\/\/anemone-reinhardt.fr\/wp-content\/uploads\/2025\/07\/IMG_20190510_181515-1536x1152.jpg 1536w, https:\/\/anemone-reinhardt.fr\/wp-content\/uploads\/2025\/07\/IMG_20190510_181515-2048x1536.jpg 2048w\" sizes=\"(max-width: 1024px) 100vw, 1024px\" \/>\t\t\t\t\t\t\t\t\t\t\t\t\t\t\t<\/div>\n\t\t\t\t<\/div>\n\t\t\t\t<\/div>\n\t\t\t\t\t<\/div>\n\t\t\t\t<\/div>\n\t\t\t\t<\/div>\n\t\t","protected":false},"excerpt":{"rendered":"<p>Contactez-moi Contactez-moi Vous souhaitez me joindre pour un projet artistique, une commande personnalis\u00e9e ou simplement \u00e9changer ? Je vous invite \u00e0 me contacter directement via ce formulaire. Je r\u00e9ponds personnellement \u00e0 toutes vos demandes avec plaisir et rapidit\u00e9. Veuillez activer JavaScript dans votre navigateur pour remplir ce formulaire.Nom *Email *Sujet *Message * Envoyer votre message [&hellip;]<\/p>\n","protected":false},"author":1,"featured_media":0,"parent":0,"menu_order":0,"comment_status":"closed","ping_status":"closed","template":"","meta":{"site-sidebar-layout":"no-sidebar","site-content-layout":"page-builder","ast-site-content-layout":"full-width-container","site-content-style":"unboxed","site-sidebar-style":"unboxed","ast-global-header-display":"","ast-banner-title-visibility":"","ast-main-header-display":"","ast-hfb-above-header-display":"","ast-hfb-below-header-display":"","ast-hfb-mobile-header-display":"","site-post-title":"disabled","ast-breadcrumbs-content":"","ast-featured-img":"disabled","footer-sml-layout":"","theme-transparent-header-meta":"disabled","adv-header-id-meta":"","stick-header-meta":"","header-above-stick-meta":"","header-main-stick-meta":"","header-below-stick-meta":"","astra-migrate-meta-layouts":"set","ast-page-background-enabled":"default","ast-page-background-meta":{"desktop":{"background-color":"","background-image":"","background-repeat":"repeat","background-position":"center center","background-size":"auto","background-attachment":"scroll","background-type":"","background-media":"","overlay-type":"","overlay-color":"","overlay-opacity":"","overlay-gradient":""},"tablet":{"background-color":"","background-image":"","background-repeat":"repeat","background-position":"center center","background-size":"auto","background-attachment":"scroll","background-type":"","background-media":"","overlay-type":"","overlay-color":"","overlay-opacity":"","overlay-gradient":""},"mobile":{"background-color":"","background-image":"","background-repeat":"repeat","background-position":"center center","background-size":"auto","background-attachment":"scroll","background-type":"","background-media":"","overlay-type":"","overlay-color":"","overlay-opacity":"","overlay-gradient":""}},"ast-content-background-meta":{"desktop":{"background-color":"var(--ast-global-color-5)","background-image":"","background-repeat":"repeat","background-position":"center center","background-size":"auto","background-attachment":"scroll","background-type":"","background-media":"","overlay-type":"","overlay-color":"","overlay-opacity":"","overlay-gradient":""},"tablet":{"background-color":"var(--ast-global-color-5)","background-image":"","background-repeat":"repeat","background-position":"center center","background-size":"auto","background-attachment":"scroll","background-type":"","background-media":"","overlay-type":"","overlay-color":"","overlay-opacity":"","overlay-gradient":""},"mobile":{"background-color":"var(--ast-global-color-5)","background-image":"","background-repeat":"repeat","background-position":"center center","background-size":"auto","background-attachment":"scroll","background-type":"","background-media":"","overlay-type":"","overlay-color":"","overlay-opacity":"","overlay-gradient":""}},"footnotes":""},"class_list":["post-350","page","type-page","status-publish","hentry"],"yoast_head":"<!-- This site is optimized with the Yoast SEO plugin v27.3 - https:\/\/yoast.com\/product\/yoast-seo-wordpress\/ -->\n<title>Contact - An\u00e9mone Reinhardt<\/title>\n<meta name=\"description\" content=\"Entrez directement en contact avec An\u00e9mone Reinhardt, artiste peintre, pour toute demande, projet artistique ou collaboration.\" \/>\n<meta name=\"robots\" content=\"index, follow, max-snippet:-1, max-image-preview:large, max-video-preview:-1\" \/>\n<link rel=\"canonical\" href=\"https:\/\/anemone-reinhardt.fr\/en\/contact\/\" \/>\n<meta property=\"og:locale\" content=\"en_GB\" \/>\n<meta property=\"og:type\" content=\"article\" \/>\n<meta property=\"og:title\" content=\"Contact - An\u00e9mone Reinhardt\" \/>\n<meta property=\"og:description\" content=\"Entrez directement en contact avec An\u00e9mone Reinhardt, artiste peintre, pour toute demande, projet artistique ou collaboration.\" \/>\n<meta property=\"og:url\" content=\"https:\/\/anemone-reinhardt.fr\/en\/contact\/\" \/>\n<meta property=\"og:site_name\" content=\"An\u00e9mone Reinhardt\" \/>\n<meta property=\"article:modified_time\" content=\"2025-08-12T15:20:44+00:00\" \/>\n<meta property=\"og:image\" content=\"https:\/\/anemone-reinhardt.fr\/wp-content\/uploads\/2025\/07\/IMG_20190510_181515-scaled.jpg\" \/>\n\t<meta property=\"og:image:width\" content=\"2560\" \/>\n\t<meta property=\"og:image:height\" content=\"1920\" \/>\n\t<meta property=\"og:image:type\" content=\"image\/jpeg\" \/>\n<meta name=\"twitter:card\" content=\"summary_large_image\" \/>\n<meta name=\"twitter:label1\" content=\"Estimated reading time\" \/>\n\t<meta name=\"twitter:data1\" content=\"1 minute\" \/>\n<script type=\"application\/ld+json\" class=\"yoast-schema-graph\">{\"@context\":\"https:\\\/\\\/schema.org\",\"@graph\":[{\"@type\":\"WebPage\",\"@id\":\"https:\\\/\\\/anemone-reinhardt.fr\\\/contact\\\/\",\"url\":\"https:\\\/\\\/anemone-reinhardt.fr\\\/contact\\\/\",\"name\":\"Contact - An\u00e9mone Reinhardt\",\"isPartOf\":{\"@id\":\"https:\\\/\\\/anemone-reinhardt.fr\\\/#website\"},\"primaryImageOfPage\":{\"@id\":\"https:\\\/\\\/anemone-reinhardt.fr\\\/contact\\\/#primaryimage\"},\"image\":{\"@id\":\"https:\\\/\\\/anemone-reinhardt.fr\\\/contact\\\/#primaryimage\"},\"thumbnailUrl\":\"https:\\\/\\\/anemone-reinhardt.fr\\\/wp-content\\\/uploads\\\/2025\\\/07\\\/IMG_20190510_181515-1024x768.jpg\",\"datePublished\":\"2025-06-05T16:57:28+00:00\",\"dateModified\":\"2025-08-12T15:20:44+00:00\",\"description\":\"Entrez directement en contact avec An\u00e9mone Reinhardt, artiste peintre, pour toute demande, projet artistique ou collaboration.\",\"breadcrumb\":{\"@id\":\"https:\\\/\\\/anemone-reinhardt.fr\\\/contact\\\/#breadcrumb\"},\"inLanguage\":\"en-GB\",\"potentialAction\":[{\"@type\":\"ReadAction\",\"target\":[\"https:\\\/\\\/anemone-reinhardt.fr\\\/contact\\\/\"]}]},{\"@type\":\"ImageObject\",\"inLanguage\":\"en-GB\",\"@id\":\"https:\\\/\\\/anemone-reinhardt.fr\\\/contact\\\/#primaryimage\",\"url\":\"https:\\\/\\\/anemone-reinhardt.fr\\\/wp-content\\\/uploads\\\/2025\\\/07\\\/IMG_20190510_181515-1024x768.jpg\",\"contentUrl\":\"https:\\\/\\\/anemone-reinhardt.fr\\\/wp-content\\\/uploads\\\/2025\\\/07\\\/IMG_20190510_181515-1024x768.jpg\"},{\"@type\":\"BreadcrumbList\",\"@id\":\"https:\\\/\\\/anemone-reinhardt.fr\\\/contact\\\/#breadcrumb\",\"itemListElement\":[{\"@type\":\"ListItem\",\"position\":1,\"name\":\"Accueil\",\"item\":\"https:\\\/\\\/anemone-reinhardt.fr\\\/\"},{\"@type\":\"ListItem\",\"position\":2,\"name\":\"Contact\"}]},{\"@type\":\"WebSite\",\"@id\":\"https:\\\/\\\/anemone-reinhardt.fr\\\/#website\",\"url\":\"https:\\\/\\\/anemone-reinhardt.fr\\\/\",\"name\":\"An\u00e9mone Reinhardt\",\"description\":\"\",\"potentialAction\":[{\"@type\":\"SearchAction\",\"target\":{\"@type\":\"EntryPoint\",\"urlTemplate\":\"https:\\\/\\\/anemone-reinhardt.fr\\\/?s={search_term_string}\"},\"query-input\":{\"@type\":\"PropertyValueSpecification\",\"valueRequired\":true,\"valueName\":\"search_term_string\"}}],\"inLanguage\":\"en-GB\"}]}<\/script>\n<!-- \/ Yoast SEO plugin. -->","yoast_head_json":{"title":"Contact - An\u00e9mone Reinhardt","description":"Entrez directement en contact avec An\u00e9mone Reinhardt, artiste peintre, pour toute demande, projet artistique ou collaboration.","robots":{"index":"index","follow":"follow","max-snippet":"max-snippet:-1","max-image-preview":"max-image-preview:large","max-video-preview":"max-video-preview:-1"},"canonical":"https:\/\/anemone-reinhardt.fr\/en\/contact\/","og_locale":"en_GB","og_type":"article","og_title":"Contact - An\u00e9mone Reinhardt","og_description":"Entrez directement en contact avec An\u00e9mone Reinhardt, artiste peintre, pour toute demande, projet artistique ou collaboration.","og_url":"https:\/\/anemone-reinhardt.fr\/en\/contact\/","og_site_name":"An\u00e9mone Reinhardt","article_modified_time":"2025-08-12T15:20:44+00:00","og_image":[{"width":2560,"height":1920,"url":"https:\/\/anemone-reinhardt.fr\/wp-content\/uploads\/2025\/07\/IMG_20190510_181515-scaled.jpg","type":"image\/jpeg"}],"twitter_card":"summary_large_image","twitter_misc":{"Estimated reading time":"1 minute"},"schema":{"@context":"https:\/\/schema.org","@graph":[{"@type":"WebPage","@id":"https:\/\/anemone-reinhardt.fr\/contact\/","url":"https:\/\/anemone-reinhardt.fr\/contact\/","name":"Contact - An\u00e9mone Reinhardt","isPartOf":{"@id":"https:\/\/anemone-reinhardt.fr\/#website"},"primaryImageOfPage":{"@id":"https:\/\/anemone-reinhardt.fr\/contact\/#primaryimage"},"image":{"@id":"https:\/\/anemone-reinhardt.fr\/contact\/#primaryimage"},"thumbnailUrl":"https:\/\/anemone-reinhardt.fr\/wp-content\/uploads\/2025\/07\/IMG_20190510_181515-1024x768.jpg","datePublished":"2025-06-05T16:57:28+00:00","dateModified":"2025-08-12T15:20:44+00:00","description":"Entrez directement en contact avec An\u00e9mone Reinhardt, artiste peintre, pour toute demande, projet artistique ou collaboration.","breadcrumb":{"@id":"https:\/\/anemone-reinhardt.fr\/contact\/#breadcrumb"},"inLanguage":"en-GB","potentialAction":[{"@type":"ReadAction","target":["https:\/\/anemone-reinhardt.fr\/contact\/"]}]},{"@type":"ImageObject","inLanguage":"en-GB","@id":"https:\/\/anemone-reinhardt.fr\/contact\/#primaryimage","url":"https:\/\/anemone-reinhardt.fr\/wp-content\/uploads\/2025\/07\/IMG_20190510_181515-1024x768.jpg","contentUrl":"https:\/\/anemone-reinhardt.fr\/wp-content\/uploads\/2025\/07\/IMG_20190510_181515-1024x768.jpg"},{"@type":"BreadcrumbList","@id":"https:\/\/anemone-reinhardt.fr\/contact\/#breadcrumb","itemListElement":[{"@type":"ListItem","position":1,"name":"Accueil","item":"https:\/\/anemone-reinhardt.fr\/"},{"@type":"ListItem","position":2,"name":"Contact"}]},{"@type":"WebSite","@id":"https:\/\/anemone-reinhardt.fr\/#website","url":"https:\/\/anemone-reinhardt.fr\/","name":"An\u00e9mone Reinhardt","description":"","potentialAction":[{"@type":"SearchAction","target":{"@type":"EntryPoint","urlTemplate":"https:\/\/anemone-reinhardt.fr\/?s={search_term_string}"},"query-input":{"@type":"PropertyValueSpecification","valueRequired":true,"valueName":"search_term_string"}}],"inLanguage":"en-GB"}]}},"_links":{"self":[{"href":"https:\/\/anemone-reinhardt.fr\/en\/wp-json\/wp\/v2\/pages\/350","targetHints":{"allow":["GET"]}}],"collection":[{"href":"https:\/\/anemone-reinhardt.fr\/en\/wp-json\/wp\/v2\/pages"}],"about":[{"href":"https:\/\/anemone-reinhardt.fr\/en\/wp-json\/wp\/v2\/types\/page"}],"author":[{"embeddable":true,"href":"https:\/\/anemone-reinhardt.fr\/en\/wp-json\/wp\/v2\/users\/1"}],"replies":[{"embeddable":true,"href":"https:\/\/anemone-reinhardt.fr\/en\/wp-json\/wp\/v2\/comments?post=350"}],"version-history":[{"count":103,"href":"https:\/\/anemone-reinhardt.fr\/en\/wp-json\/wp\/v2\/pages\/350\/revisions"}],"predecessor-version":[{"id":2017,"href":"https:\/\/anemone-reinhardt.fr\/en\/wp-json\/wp\/v2\/pages\/350\/revisions\/2017"}],"wp:attachment":[{"href":"https:\/\/anemone-reinhardt.fr\/en\/wp-json\/wp\/v2\/media?parent=350"}],"curies":[{"name":"wp","href":"https:\/\/api.w.org\/{rel}","templated":true}]}}